{"id":29465,"date":"2024-12-10T07:10:41","date_gmt":"2024-12-10T07:10:41","guid":{"rendered":"https:\/\/cafesdelbages.com\/accesibilidad\/"},"modified":"2024-12-10T09:34:43","modified_gmt":"2024-12-10T09:34:43","slug":"accesibilidad","status":"publish","type":"page","link":"https:\/\/cafesdelbages.com\/es\/accesibilidad\/","title":{"rendered":"Accesibilidad"},"content":{"rendered":"\t\t<div data-elementor-type=\"wp-page\" data-elementor-id=\"29465\" class=\"elementor elementor-29465 elementor-29037\">\n\t\t\t\t\t\t<section class=\"elementor-section elementor-top-section elementor-element elementor-element-15709f30 elementor-section-boxed elementor-section-height-default elementor-section-height-default\" data-id=\"15709f30\" data-element_type=\"section\" data-e-type=\"section\" data-settings=\"{&quot;background_background&quot;:&quot;classic&quot;}\">\r\n\t\t\t\t\t\t<div class=\"elementor-container elementor-column-gap-thegem\"><div class=\"elementor-row\">\r\n\t\t\t\t\t<div class=\"elementor-column elementor-col-100 elementor-top-column elementor-element elementor-element-2b8e5462\" data-id=\"2b8e5462\" data-element_type=\"column\" data-e-type=\"column\">\n\t\t\t<div class=\"elementor-widget-wrap elementor-element-populated\">\n\t\t\t\t\t\t<section class=\"elementor-section elementor-inner-section elementor-element elementor-element-413de2fc elementor-section-boxed elementor-section-height-default elementor-section-height-default\" data-id=\"413de2fc\" data-element_type=\"section\" data-e-type=\"section\">\r\n\t\t\t\t\t\t<div class=\"elementor-container elementor-column-gap-thegem\"><div class=\"elementor-row\">\r\n\t\t\t\t\t<div class=\"elementor-column elementor-col-100 elementor-inner-column elementor-element elementor-element-3c4f3bc8\" data-id=\"3c4f3bc8\" data-element_type=\"column\" data-e-type=\"column\">\n\t\t\t<div class=\"elementor-widget-wrap elementor-element-populated\">\n\t\t\t\t\t\t<div class=\"elementor-element elementor-element-492719dd flex-horizontal-align-default flex-horizontal-align-tablet-default flex-horizontal-align-mobile-default flex-vertical-align-default flex-vertical-align-tablet-default flex-vertical-align-mobile-default elementor-widget elementor-widget-text-editor\" data-id=\"492719dd\" data-element_type=\"widget\" data-e-type=\"widget\" data-widget_type=\"text-editor.default\">\n\t\t\t\t<div class=\"elementor-widget-container\">\n\t\t\t\t\t\t\t\t\t\t\t\t<div class=\"elementor-text-editor elementor-clearfix\">\r\n\t\t\t\t\t\t<div class=\"elementor-element elementor-element-67faef2 elementor-widget elementor-widget-text-editor\" data-id=\"67faef2\" data-element_type=\"widget\" data-widget_type=\"text-editor.default\">\n<div class=\"elementor-widget-container\">\n<div class=\"elementor-element elementor-element-67faef2 elementor-widget elementor-widget-text-editor\" data-id=\"67faef2\" data-element_type=\"widget\" data-widget_type=\"text-editor.default\">\n<div class=\"elementor-widget-container\">\n<p>Esta declaraci\u00f3n de accesibilidad se aplica en el sitio web cafesdelbages.com<\/p>\n<h5> <\/h5>\n<h5><strong>CONTENIDO NO ACCESIBLE<\/strong><\/h5>\n<p>El contenido recopilado a continuaci\u00f3n no es accesible por:<\/p>\n<h5> <\/h5>\n<h5><strong>Incumplimiento del RD 1112\/2018<\/strong><\/h5>\n<ul>\n<li>\n<p>Podr\u00eda haber algunos aspectos de contraste que no cumplan con el m\u00ednimo requerido, 3:1, respecto a los colores adyacentes al fondo de la secci\u00f3n del sitio web en cuesti\u00f3n.  [9 .1.4.11 Contrast no textual]<\/p>\n<\/li>\n<li>\n<p>Es posible que algunos elementos no textuales no est\u00e9n correctamente etiquetados.  [2 .5.3 Etiqueta num\u00e8rica]  y  [4 .1.2 Nom i valor de la funci\u00f3]<\/p>\n<\/li>\n<li>\n<p>Los motores de b\u00fasqueda pueden realizar b\u00fasquedas autom\u00e1ticamente sin necesidad de ordenar ninguna acci\u00f3n al usuario.  [3 .2.2 En rebre entrades]<\/p>\n<\/li>\n<li>\n<p>Puede haber algunos textos en otro idioma que no est\u00e9n etiquetados correctamente.  [3 .1.2 Idioma de les parts]<\/p>\n<\/li>\n<li>\n<p>Se podr\u00edan producir errores ocasionales de edici\u00f3n de c\u00f3digo en algunas p\u00e1ginas web.  [4 .1.1 Processament]<\/p>\n<\/li>\n<li>\n<p>Carga desproporcionada<\/p>\n<\/li>\n<li>\n<p>No aplicable.<\/p>\n<\/li>\n<li>\n<p>El contenido no entra en el \u00e1mbito de aplicaci\u00f3n de la legislaci\u00f3n aplicable.<\/p>\n<\/li>\n<\/ul>\n<h5> <\/h5>\n<h5><strong>PREPARACI\u00d3N DE ESTA DECLARACI\u00d3N DE ACCESIBILIDAD<\/strong><\/h5>\n<p>Esta declaraci\u00f3n fue preparada el 1\/12\/2024.<br \/> El m\u00e9todo utilizado para la elaboraci\u00f3n de la declaraci\u00f3n fue una evaluaci\u00f3n manual realizada por ARTIK ONE GRUP SL<br \/> La declaraci\u00f3n de accesibilidad fue revisada y actualizada el 10\/12\/2024.<\/p>\n<p>Si desea comunicarnos la existencia de un enlace a un sitio web con contenido que considere inadecuado o ilegal, puede contactarnos a <a style=\"background-color: #ffffff;\" href=\"mailto:%20cafesdelbages@cafesdelbages.com\" target=\"_blank\" rel=\"noopener\">cafesdelbages@cafesdelbages.com<\/a><\/p>\n<h5> <\/h5>\n<h5><strong>OBSERVACIONES Y DATOS DE CONTACTO<\/strong><\/h5>\n<p>Puede realizar comunicaciones sobre los requisitos de accesibilidad (art\u00edculo 10.2.a del RD 1112\/2018), tales como:<\/p>\n<ul>\n<li>Informar sobre cualquier posible incumplimiento por este sitio web.<\/li>\n<li>Transmitir otras dificultades de acceso al contenido.<\/li>\n<li>Formular cualquier otra consulta o sugerencia de mejora relativa a la accesibilidad del sitio web.<\/li>\n<\/ul>\n<p>A trav\u00e9s del n\u00famero de tel\u00e9fono (+34) 93 835 85 00.<\/p>\n<p>Puede presentar:<\/p>\n<ul>\n<li>Queja relativa al cumplimiento de los requisitos del RD 1112\/2018.<\/li>\n<li>Solicitud de informaci\u00f3n accesible relativa a:\n<ul>\n<li>Contenidos excluidos del \u00e1mbito de aplicaci\u00f3n del RD 1112\/2018 seg\u00fan art\u00edculo 3, apartado 4.<\/li>\n<li>Contenidos exentos del cumplimiento de los requisitos de accesibilidad para imponer carga desproporcionada.<\/li>\n<\/ul>\n<\/li>\n<\/ul>\n<h5> <\/h5>\n<h5><strong>PROCESO DE SOLICITUD<\/strong><\/h5>\n<p>Si una solicitud de informaci\u00f3n accesible o queja ha sido desestimada, si no est\u00e1 de acuerdo con la decisi\u00f3n adoptada, o si la respuesta no cumple los requisitos previstos en el art\u00edculo 12.5, el interesado puede iniciar una reclamaci\u00f3n. Tambi\u00e9n puede iniciarse una reclamaci\u00f3n si han transcurrido veinte d\u00edas h\u00e1biles sin obtener respuesta. <\/p>\n<p>La reclamaci\u00f3n puede ser presentada a trav\u00e9s de la Instancia Gen\u00e9rica de la Sede Electr\u00f3nica del Ministerio de Asuntos Econ\u00f3micos y Transformaci\u00f3n Digital, as\u00ed como al resto de opciones recogidas en la Ley 39\/2015, de 1 de octubre, de Procedimiento Administrativo Com\u00fan de las Administraciones P\u00fablicas.<\/p>\n<p>Las reclamaciones ser\u00e1n recibidas y procesadas por la Direcci\u00f3n General de Inspecci\u00f3n de Servicios del Ministerio.<\/p>\n<h5> <\/h5>\n<h5><strong>CONTENIDO OPCIONAL<\/strong><\/h5>\n<p>Este portal est\u00e1 dise\u00f1ado para cambiar el tama\u00f1o del texto y el color, as\u00ed como el fondo de la p\u00e1gina, a trav\u00e9s de las opciones de configuraci\u00f3n est\u00e1ndar del navegador.<\/p>\n<p>Si desea cambiar el tama\u00f1o de la fuente del texto en los principales navegadores gr\u00e1ficos, utilice los siguientes men\u00fas:<\/p>\n<ul>\n<li><strong>Internet Explorer, Mozilla y Firefox<\/strong> : Ver \u2013 Tama\u00f1o del texto.<\/li>\n<li><strong>Opera<\/strong> : Ver \u2013 Zoom.<\/li>\n<li><strong>Safari<\/strong> : Ver \u2013 Aumentar el texto.<\/li>\n<li><strong>Chrome<\/strong> : Controlar la p\u00e1gina actual \u2013 Tama\u00f1o del texto.<\/li>\n<\/ul>\n<p>Para cambiar el tama\u00f1o de todo el contenido de la p\u00e1gina:<\/p>\n<ul>\n<li><strong>Ctrl++<\/strong> para aumentarlo.<\/li>\n<li><strong>Ctrl+-<\/strong> para disminuirlo.<\/li>\n<li><strong>Ctrl+0<\/strong> restaura el tama\u00f1o del texto original.<\/li>\n<\/ul>\n<p>Si desea anular la hoja de estilo o cambiar el color del texto, puede consultar la p\u00e1gina <em>C\u00f3mo cambiar el tama\u00f1o del texto o colores<\/em> del WAI, que se puede leer traducida al espa\u00f1ol en <em>C\u00f3mo cambiar el tama\u00f1o del texto o colo<\/em><\/p>\n<\/div>\n<\/div>\n<\/div>\n<\/div>\n\t\t\t\t\t\t\t<\/div>\r\n\t\t\t\t\t\t\t\t\t\t<\/div>\n\t\t\t\t<\/div>\n\t\t\t\t\t<\/div>\n\t\t<\/div>\n\t\t\t\t\t<\/div><\/div>\r\n\t\t<\/section>\r\n\t\t\t\t\t<\/div>\n\t\t<\/div>\n\t\t\t\t\t<\/div><\/div>\r\n\t\t<\/section>\r\n\t\t\t\t<\/div>\n\t\t","protected":false},"excerpt":{"rendered":"<p>Esta declaraci\u00f3n de accesibilidad se aplica en el sitio web cafesdelbages.com CONTENIDO NO ACCESIBLE El contenido recopilado a continuaci\u00f3n no&#8230;<\/p>\n","protected":false},"author":1,"featured_media":0,"parent":0,"menu_order":0,"comment_status":"closed","ping_status":"closed","template":"page-fullwidth.php","meta":{"footnotes":""},"class_list":["post-29465","page","type-page","status-publish"],"_links":{"self":[{"href":"https:\/\/cafesdelbages.com\/es\/wp-json\/wp\/v2\/pages\/29465","targetHints":{"allow":["GET"]}}],"collection":[{"href":"https:\/\/cafesdelbages.com\/es\/wp-json\/wp\/v2\/pages"}],"about":[{"href":"https:\/\/cafesdelbages.com\/es\/wp-json\/wp\/v2\/types\/page"}],"author":[{"embeddable":true,"href":"https:\/\/cafesdelbages.com\/es\/wp-json\/wp\/v2\/users\/1"}],"replies":[{"embeddable":true,"href":"https:\/\/cafesdelbages.com\/es\/wp-json\/wp\/v2\/comments?post=29465"}],"version-history":[{"count":1,"href":"https:\/\/cafesdelbages.com\/es\/wp-json\/wp\/v2\/pages\/29465\/revisions"}],"predecessor-version":[{"id":29466,"href":"https:\/\/cafesdelbages.com\/es\/wp-json\/wp\/v2\/pages\/29465\/revisions\/29466"}],"wp:attachment":[{"href":"https:\/\/cafesdelbages.com\/es\/wp-json\/wp\/v2\/media?parent=29465"}],"curies":[{"name":"wp","href":"https:\/\/api.w.org\/{rel}","templated":true}]}}