{"id":29463,"date":"2024-10-31T17:48:19","date_gmt":"2024-10-31T17:48:19","guid":{"rendered":"https:\/\/cafesdelbages.com\/aviso-legal\/"},"modified":"2024-12-10T09:34:18","modified_gmt":"2024-12-10T09:34:18","slug":"aviso-legal","status":"publish","type":"page","link":"https:\/\/cafesdelbages.com\/es\/aviso-legal\/","title":{"rendered":"Aviso Legal"},"content":{"rendered":"\t\t<div data-elementor-type=\"wp-page\" data-elementor-id=\"29463\" class=\"elementor elementor-29463 elementor-28692\">\n\t\t\t\t\t\t<section class=\"elementor-section elementor-top-section elementor-element elementor-element-15709f30 elementor-section-boxed elementor-section-height-default elementor-section-height-default\" data-id=\"15709f30\" data-element_type=\"section\" data-e-type=\"section\" data-settings=\"{&quot;background_background&quot;:&quot;classic&quot;}\">\r\n\t\t\t\t\t\t<div class=\"elementor-container elementor-column-gap-thegem\"><div class=\"elementor-row\">\r\n\t\t\t\t\t<div class=\"elementor-column elementor-col-100 elementor-top-column elementor-element elementor-element-2b8e5462\" data-id=\"2b8e5462\" data-element_type=\"column\" data-e-type=\"column\">\n\t\t\t<div class=\"elementor-widget-wrap elementor-element-populated\">\n\t\t\t\t\t\t<section class=\"elementor-section elementor-inner-section elementor-element elementor-element-413de2fc elementor-section-boxed elementor-section-height-default elementor-section-height-default\" data-id=\"413de2fc\" data-element_type=\"section\" data-e-type=\"section\">\r\n\t\t\t\t\t\t<div class=\"elementor-container elementor-column-gap-thegem\"><div class=\"elementor-row\">\r\n\t\t\t\t\t<div class=\"elementor-column elementor-col-100 elementor-inner-column elementor-element elementor-element-3c4f3bc8\" data-id=\"3c4f3bc8\" data-element_type=\"column\" data-e-type=\"column\">\n\t\t\t<div class=\"elementor-widget-wrap elementor-element-populated\">\n\t\t\t\t\t\t<div class=\"elementor-element elementor-element-492719dd flex-horizontal-align-default flex-horizontal-align-tablet-default flex-horizontal-align-mobile-default flex-vertical-align-default flex-vertical-align-tablet-default flex-vertical-align-mobile-default elementor-widget elementor-widget-text-editor\" data-id=\"492719dd\" data-element_type=\"widget\" data-e-type=\"widget\" data-widget_type=\"text-editor.default\">\n\t\t\t\t<div class=\"elementor-widget-container\">\n\t\t\t\t\t\t\t\t\t\t\t\t<div class=\"elementor-text-editor elementor-clearfix\">\r\n\t\t\t\t\t\t<p>El prop\u00f3sito de este Aviso Legal, es informar a los usuarios de <span style=\"box-sizing: inherit;\" data-mce-fragment=\"1\"><a style=\"box-sizing: inherit; color: rgba(var(--color-link),var(--alpha-link)); text-underline-offset: 0.3rem; text-decoration-thickness: 0.1rem; transition: text-decoration-thickness 0.1s;\" href=\"http:\/\/www.cafesserra.com\" data-mce-fragment=\"1\">www.cafesdelbages.com<\/a><\/span> domiciliada en, Ctra. del Bruc a Manresa, Km. 14, 08253, Sant Salvador de Guardiola, a raz\u00f3n social del Responsable del tratamiento es CAFES DEL BAGES, SL, de cu\u00e1l es su pol\u00edtica de protecci\u00f3n de la privacidad y confidencialidad de los datos de car\u00e1cter personal seg\u00fan el Reglamento General de Protecci\u00f3n de datos (RGPD) que sus usuarios facilitan de forma libre y voluntaria.<\/p>\n<p>CAFES DEL BAGES, SL pone en su conocimiento que dispone de sus datos de car\u00e1cter personal especificados en el correspondiente registro de actividades del tratamiento de la empresa denominado Gesti\u00f3n de Usuarios web.<\/p>\n<p>La base legal para el tratamiento de sus datos es el consentimiento obtenido del propio titular del tratamiento en el momento de cumplimentar el formulario on-line y aceptar de forma expresa el mismo.<\/p>\n<p>La finalidad de la creaci\u00f3n, existencia y mantenimiento es el tratamiento de los datos con exclusivos fines de poder hacer efectiva su solicitud de informaci\u00f3n y\/o de registro como cliente a trav\u00e9s de esta v\u00eda y si lo desea poder enviarlo informaci\u00f3n comercial.<\/p>\n<p>Los destinatarios de la informaci\u00f3n son todos los departamentos, compartimentos, locales y entes asociados en los que se organiza CAFES DEL BAGES, SL, y no ser\u00e1n cedidas a ning\u00fan tercero excepto en los casos que exista una obligaci\u00f3n legal.<\/p>\n<p>En todo caso, usted tiene derecho a obtener confirmaci\u00f3n sobre si en CAFES DEL BAGES, SL estamos tratando sus datos personales por tanto tiene derecho a acceder a los mismos, rectificar las inexactas o solicitar su supresi\u00f3n cuando los datos ya no sean necesarias.<\/p>\n<p>Los campos del formulario on-line marcados con un asterisco son de obligada cumplimentaci\u00f3n para poder hacer efectiva su solicitud de registro y\/o informaci\u00f3n.<\/p>\n<p>La Web <a style=\"box-sizing: inherit; background-color: #ffffff; color: rgba(var(--color-link),var(--alpha-link)); text-decoration-thickness: 0.1rem; transition: text-decoration-thickness 0.1s; text-underline-offset: 0.3rem;\" href=\"http:\/\/www.cafesserra.com\" data-mce-fragment=\"1\">www.cafesdelbages.com<\/a> ha adoptado las medidas de \u00edndole t\u00e9cnica y organizativas necesarias, seg\u00fan el nivel de seguridad de protecci\u00f3n de datos que le corresponde legalmente, para garantizar la seguridad del tratamiento de datos de car\u00e1cter personal que constituyen su tratamiento automatizado . Sin embargo, el usuario debe ser consciente de que en la actualidad las medidas de seguridad en Internet no son inexpugnables y por tanto no se est\u00e1 a salvo de posibles intromisiones ilegales e indebidas, que no ser\u00edan responsabilidad de CAFES DEL BAGES, SL , puesto que ella ha actuado con la diligencia debida para proteger los datos conforme determina la ley.<\/p>\n<p>La Web <a style=\"box-sizing: inherit; background-color: #ffffff; color: rgba(var(--color-link),var(--alpha-link)); text-decoration-thickness: 0.1rem; transition: text-decoration-thickness 0.1s; text-underline-offset: 0.3rem;\" href=\"http:\/\/www.cafesserra.com\" data-mce-fragment=\"1\">www.cafesdelbages.com<\/a> , utiliza cookies u otros procedimientos similares con finalidades meramente estad\u00edsticas. Estas informaciones se captan de forma autom\u00e1tica y an\u00f3nima, por lo que no es posible identificar individualmente a ning\u00fan usuario. Los usuarios pueden impedir el funcionamiento de las cookies mediante las opciones que todos los navegadores ponen a su disposici\u00f3n. Se recomienda a los usuarios que quieran desactivar las cookies que consulten los sistemas de ayuda de los navegadores que utilizan<\/p>\n<p>La Web <a style=\"box-sizing: inherit; background-color: #ffffff; color: rgba(var(--color-link),var(--alpha-link)); text-decoration-thickness: 0.1rem; transition: text-decoration-thickness 0.1s; text-underline-offset: 0.3rem;\" href=\"http:\/\/www.cafesserra.com\" data-mce-fragment=\"1\">www.cafesdelbages.com<\/a> , har\u00e1 todo lo posible para que sus datos est\u00e9n siempre actualizados. Sin embargo, la responsabilidad sobre la calidad de los datos depende del titular de ellos, de ah\u00ed que si existe alguna modificaci\u00f3n de los datos el usuario de la web les comunicar\u00e1 al Responsable del Tratamiento, declinando esta toda responsabilidad en caso de que omita su obligaci\u00f3n de notificar los cambios.<\/p>\n<p>La prestaci\u00f3n del servicio de portal y las presentes condiciones de uso del sitio web se rigen por la Ley Espa\u00f1ola. Para cualquier discrepancia en la ejecuci\u00f3n, interpretaci\u00f3n, cumplimiento de estas condiciones, las partes se someten a los Juzgados y Tribunales competentes.<\/p>\n\t\t\t\t\t\t\t<\/div>\r\n\t\t\t\t\t\t\t\t\t\t<\/div>\n\t\t\t\t<\/div>\n\t\t\t\t\t<\/div>\n\t\t<\/div>\n\t\t\t\t\t<\/div><\/div>\r\n\t\t<\/section>\r\n\t\t\t\t\t<\/div>\n\t\t<\/div>\n\t\t\t\t\t<\/div><\/div>\r\n\t\t<\/section>\r\n\t\t\t\t<\/div>\n\t\t","protected":false},"excerpt":{"rendered":"<p>El prop\u00f3sito de este Aviso Legal, es informar a los usuarios de www.cafesdelbages.com domiciliada en, Ctra. del Bruc a Manresa,&#8230;<\/p>\n","protected":false},"author":1,"featured_media":0,"parent":0,"menu_order":0,"comment_status":"closed","ping_status":"closed","template":"page-fullwidth.php","meta":{"footnotes":""},"class_list":["post-29463","page","type-page","status-publish"],"_links":{"self":[{"href":"https:\/\/cafesdelbages.com\/es\/wp-json\/wp\/v2\/pages\/29463","targetHints":{"allow":["GET"]}}],"collection":[{"href":"https:\/\/cafesdelbages.com\/es\/wp-json\/wp\/v2\/pages"}],"about":[{"href":"https:\/\/cafesdelbages.com\/es\/wp-json\/wp\/v2\/types\/page"}],"author":[{"embeddable":true,"href":"https:\/\/cafesdelbages.com\/es\/wp-json\/wp\/v2\/users\/1"}],"replies":[{"embeddable":true,"href":"https:\/\/cafesdelbages.com\/es\/wp-json\/wp\/v2\/comments?post=29463"}],"version-history":[{"count":1,"href":"https:\/\/cafesdelbages.com\/es\/wp-json\/wp\/v2\/pages\/29463\/revisions"}],"predecessor-version":[{"id":29464,"href":"https:\/\/cafesdelbages.com\/es\/wp-json\/wp\/v2\/pages\/29463\/revisions\/29464"}],"wp:attachment":[{"href":"https:\/\/cafesdelbages.com\/es\/wp-json\/wp\/v2\/media?parent=29463"}],"curies":[{"name":"wp","href":"https:\/\/api.w.org\/{rel}","templated":true}]}}