{"id":29459,"date":"2024-10-31T17:56:58","date_gmt":"2024-10-31T17:56:58","guid":{"rendered":"https:\/\/cafesdelbages.com\/cookies\/"},"modified":"2024-12-10T09:33:14","modified_gmt":"2024-12-10T09:33:14","slug":"cookies","status":"publish","type":"page","link":"https:\/\/cafesdelbages.com\/es\/cookies\/","title":{"rendered":"Cookies"},"content":{"rendered":"\t\t<div data-elementor-type=\"wp-page\" data-elementor-id=\"29459\" class=\"elementor elementor-29459 elementor-28697\">\n\t\t\t\t\t\t<section class=\"elementor-section elementor-top-section elementor-element elementor-element-15709f30 elementor-section-boxed elementor-section-height-default elementor-section-height-default\" data-id=\"15709f30\" data-element_type=\"section\" data-e-type=\"section\" data-settings=\"{&quot;background_background&quot;:&quot;classic&quot;}\">\r\n\t\t\t\t\t\t<div class=\"elementor-container elementor-column-gap-thegem\"><div class=\"elementor-row\">\r\n\t\t\t\t\t<div class=\"elementor-column elementor-col-100 elementor-top-column elementor-element elementor-element-2b8e5462\" data-id=\"2b8e5462\" data-element_type=\"column\" data-e-type=\"column\">\n\t\t\t<div class=\"elementor-widget-wrap elementor-element-populated\">\n\t\t\t\t\t\t<section class=\"elementor-section elementor-inner-section elementor-element elementor-element-413de2fc elementor-section-boxed elementor-section-height-default elementor-section-height-default\" data-id=\"413de2fc\" data-element_type=\"section\" data-e-type=\"section\">\r\n\t\t\t\t\t\t<div class=\"elementor-container elementor-column-gap-thegem\"><div class=\"elementor-row\">\r\n\t\t\t\t\t<div class=\"elementor-column elementor-col-100 elementor-inner-column elementor-element elementor-element-3c4f3bc8\" data-id=\"3c4f3bc8\" data-element_type=\"column\" data-e-type=\"column\">\n\t\t\t<div class=\"elementor-widget-wrap elementor-element-populated\">\n\t\t\t\t\t\t<div class=\"elementor-element elementor-element-492719dd flex-horizontal-align-default flex-horizontal-align-tablet-default flex-horizontal-align-mobile-default flex-vertical-align-default flex-vertical-align-tablet-default flex-vertical-align-mobile-default elementor-widget elementor-widget-text-editor\" data-id=\"492719dd\" data-element_type=\"widget\" data-e-type=\"widget\" data-widget_type=\"text-editor.default\">\n\t\t\t\t<div class=\"elementor-widget-container\">\n\t\t\t\t\t\t\t\t\t\t\t\t<div class=\"elementor-text-editor elementor-clearfix\">\r\n\t\t\t\t\t\t<h5><strong>\u00bfQU\u00c9 ES UNA COOKIE?<\/strong><\/h5>\n<p>Este sitio web utiliza cookies y\/o tecnolog\u00edas similares que almacenan y recuperan informaci\u00f3n cuando navegas. En general, estas tecnolog\u00edas pueden servir para finalidades muy diversas, como, por ejemplo, reconocerte como usuario, obtener informaci\u00f3n sobre tus h\u00e1bitos de navegaci\u00f3n o personalizar la forma en que se muestra el contenido. Los usos concretos que hacemos de estas tecnolog\u00edas se describen a continuaci\u00f3n.  <\/p>\n<\/p>\n<h5><strong>\u00bfQUI\u00c9N UTILIZA LA INFORMACI\u00d3N DE LAS COOKIES?<\/strong><\/h5>\n<p>Nombre de la empresa: CAFES DEL BAGES SL<br \/> CIF: B58507880<br \/> Direcci\u00f3n: Ctra. del Bruc, Km. 14<br \/> C\u00f3digo Postal: 08253<br \/> Localidad: San Salvador de Guardiola<br \/> Provincia: Barcelona<br \/> Tel\u00e9fono: +34 93 835 85 00<br \/> Correo electr\u00f3nico: cafesdelbages@cafesdelbages.com  <\/p>\n<h5> <\/h5>\n<h5><strong>\u00bfQU\u00c9 TIPO DE COOKIES EXISTEN?<\/strong><\/h5>\n<p>Las cookies pueden clasificarse, en funci\u00f3n de sus caracter\u00edsticas, dentro de varias categor\u00edas.<\/p>\n<ol>\n<li>\n<p><strong>Seg\u00fan la entidad que las gestiona:<\/strong><\/p>\n<ul>\n<li><strong>Cookies propias:<\/strong> Son aqu\u00e9llas que se env\u00edan a tu ordenador y son gestionadas exclusivamente por nosotros para el mejor funcionamiento del sitio web.<\/li>\n<li><strong>Cookies de terceros:<\/strong> Son aqu\u00e9llas que se env\u00edan a tu ordenador pero son gestionadas por una entidad externa.<\/li>\n<\/ul>\n<\/li>\n<li>\n<p><strong>Seg\u00fan el per\u00edodo de tiempo que permanecen activadas:<\/strong><\/p>\n<ul>\n<li><strong>Cookies de sesi\u00f3n:<\/strong> Este tipo de cookies recogen y almacenan datos s\u00f3lo mientras el usuario accede al sitio web.<\/li>\n<li><strong>Cookies persistentes:<\/strong> Estas cookies mantienen los datos almacenados y pueden ser accedidas y tratadas durante el per\u00edodo definido por el responsable de la cookie, que puede ir desde unos minutos hasta varios a\u00f1os.<\/li>\n<\/ul>\n<\/li>\n<li>\n<p><strong>Seg\u00fan su finalidad:<\/strong><\/p>\n<ul>\n<li><strong>Cookies t\u00e9cnicas:<\/strong> Permiten la navegaci\u00f3n por la web y el uso de diferentes opciones o servicios que ofrece, como, por ejemplo, controlar el tr\u00e1fico y la comunicaci\u00f3n de datos, identificar la sesi\u00f3n, acceder a partes restringidas, recordar elementos de un carrito de compra o compartir contenidos a trav\u00e9s de redes sociales.<\/li>\n<li><strong>Cookies de personalizaci\u00f3n:<\/strong> Permiten acceder al servicio con caracter\u00edsticas predefinidas, como el idioma o la configuraci\u00f3n regional.<\/li>\n<li><strong>Cookies de an\u00e1lisis:<\/strong> Permiten realizar el seguimiento y el an\u00e1lisis del comportamiento de los usuarios para mejorar el funcionamiento de la web.<\/li>\n<li><strong>Cookies publicitarias:<\/strong> Permiten gestionar de la forma m\u00e1s eficaz posible los espacios publicitarios en funci\u00f3n del contenido editado o de la frecuencia con la que se muestran los anuncios.<\/li>\n<li><strong>Cookies de publicidad comportamental:<\/strong> Almacenan informaci\u00f3n del comportamiento de los usuarios obtenida a trav\u00e9s de la observaci\u00f3n continua de sus h\u00e1bitos de navegaci\u00f3n, permitiendo desarrollar un perfil espec\u00edfico para mostrar publicidad personalizada.<\/li>\n<\/ul>\n<\/li>\n<\/ol>\n<h5> <\/h5>\n<h5><strong>\u00bfQU\u00c9 TIPO DE COOKIES UTILIZA ESTE SITIO WEB?<\/strong><\/h5>\n<p>A continuaci\u00f3n, se detallan las cookies utilizadas en este sitio web:<\/p>\n<h5> <\/h5>\n<h5>Cookies de Terceros<\/h5>\n<ul>\n<li>Cookies de Facebook, consulta m\u00e1s informaci\u00f3n en su pol\u00edtica de cookies.<\/li>\n<li>Cookies de Twitter, consulta m\u00e1s informaci\u00f3n en su pol\u00edtica de cookies.<\/li>\n<li>Cookies de Instagram, consulta m\u00e1s informaci\u00f3n en su pol\u00edtica de cookies.<\/li>\n<li>Cookies de LinkedIn, consulta m\u00e1s informaci\u00f3n en su pol\u00edtica de cookies.<\/li>\n<li>Cookies de Pinterest, consulta m\u00e1s informaci\u00f3n sobre su pol\u00edtica de cookies.<\/li>\n<li>Cookies de YouTube, consulta m\u00e1s informaci\u00f3n sobre su pol\u00edtica de cookies.<\/li>\n<\/ul>\n<h5> <\/h5>\n<h5>Cookies de WordPress<\/h5>\n<table>\n<thead>\n<tr>\n<th>Nombre<\/th>\n<th>Caducidad<\/th>\n<th>Funci\u00f3n<\/th>\n<\/tr>\n<\/thead>\n<tbody>\n<tr>\n<td>wp-settings-time-*<\/td>\n<td>1 a\u00f1o<\/td>\n<td>Almacena preferencias del usuario.<\/td>\n<\/tr>\n<tr>\n<td>wordpress-logged_in_*<\/td>\n<td>1 a\u00f1o<\/td>\n<td>Almacena usuarios registrados.<\/td>\n<\/tr>\n<tr>\n<td>twk_uuid_*<\/td>\n<td>6 meses<\/td>\n<td>Funcionalidad desconocida.<\/td>\n<\/tr>\n<\/tbody>\n<\/table>\n<h5> <\/h5>\n<h5>Cookies de PHP<\/h5>\n<table>\n<thead>\n<tr>\n<th>Nombre<\/th>\n<th>Caducidad<\/th>\n<th>Funci\u00f3n<\/th>\n<\/tr>\n<\/thead>\n<tbody>\n<tr>\n<td>PHPSESSID<\/td>\n<td>Sesi\u00f3n<\/td>\n<td>Proporciona funcionalidades en todas las p\u00e1ginas.<\/td>\n<\/tr>\n<\/tbody>\n<\/table>\n<h5> <\/h5>\n<h5>Cookies de WPML<\/h5>\n<table>\n<thead>\n<tr>\n<th>Nombre<\/th>\n<th>Caducidad<\/th>\n<th>Funci\u00f3n<\/th>\n<\/tr>\n<\/thead>\n<tbody>\n<tr>\n<td>wp-wpml-current-language<\/td>\n<td>1 d\u00eda<\/td>\n<td>Almacena preferencias del idioma.<\/td>\n<\/tr>\n<\/tbody>\n<\/table>\n<h5> <\/h5>\n<h5><strong>\u00bfC\u00d3MO DESACTIVAR Y BLOQUEAR LAS COOKIES?<\/strong><\/h5>\n<p>Puedes desactivar o bloquear las cookies configurando las opciones de tu navegador. Para m\u00e1s informaci\u00f3n sobre c\u00f3mo ajustar la configuraci\u00f3n de cookies en los principales navegadores, consulta los siguientes enlaces: <\/p>\n<ul>\n<li><a href=\"https:\/\/support.microsoft.com\/es-es\/help\/17442\/windows-internet-explorer-delete-manage-cookies\" target=\"_new\" rel=\"noopener\">Internet Explorer<\/a><\/li>\n<li><a href=\"https:\/\/support.mozilla.org\/es\/kb\/habilitar-y-deshabilitar-cookies-sitios-web-rastrear-preferencias?redirectlocale=es&amp;redirectslug=habilitar-y-deshabilitar-cookies-que-los-sitios-we\" target=\"_new\" rel=\"noopener\">Firefox<\/a><\/li>\n<li><a target=\"_new\" rel=\"noopener\">Chrome<\/a><\/li>\n<\/ul>\n<h5> <\/h5>\n<h5><strong>\u00bfQU\u00c9 DERECHOS TIENES SOBRE LOS DATOS PERSONALES APORTADOS?<\/strong><\/h5>\n<p>Tienes derecho a acceder, rectificar, oponerte, suprimir, limitar el tratamiento y la portabilidad de los datos. Adem\u00e1s, puedes presentar una reclamaci\u00f3n a la Agencia Espa\u00f1ola de Protecci\u00f3n de Datos si consideras que el tratamiento de datos infringe la normativa aplicable. San Salvador de Guardiola <\/p>\n\t\t\t\t\t\t\t<\/div>\r\n\t\t\t\t\t\t\t\t\t\t<\/div>\n\t\t\t\t<\/div>\n\t\t\t\t\t<\/div>\n\t\t<\/div>\n\t\t\t\t\t<\/div><\/div>\r\n\t\t<\/section>\r\n\t\t\t\t\t<\/div>\n\t\t<\/div>\n\t\t\t\t\t<\/div><\/div>\r\n\t\t<\/section>\r\n\t\t\t\t<\/div>\n\t\t","protected":false},"excerpt":{"rendered":"<p>\u00bfQU\u00c9 ES UNA COOKIE? Este sitio web utiliza cookies y\/o tecnolog\u00edas similares que almacenan y recuperan informaci\u00f3n cuando navegas. En&#8230;<\/p>\n","protected":false},"author":1,"featured_media":0,"parent":0,"menu_order":0,"comment_status":"closed","ping_status":"closed","template":"page-fullwidth.php","meta":{"footnotes":""},"class_list":["post-29459","page","type-page","status-publish"],"_links":{"self":[{"href":"https:\/\/cafesdelbages.com\/es\/wp-json\/wp\/v2\/pages\/29459","targetHints":{"allow":["GET"]}}],"collection":[{"href":"https:\/\/cafesdelbages.com\/es\/wp-json\/wp\/v2\/pages"}],"about":[{"href":"https:\/\/cafesdelbages.com\/es\/wp-json\/wp\/v2\/types\/page"}],"author":[{"embeddable":true,"href":"https:\/\/cafesdelbages.com\/es\/wp-json\/wp\/v2\/users\/1"}],"replies":[{"embeddable":true,"href":"https:\/\/cafesdelbages.com\/es\/wp-json\/wp\/v2\/comments?post=29459"}],"version-history":[{"count":1,"href":"https:\/\/cafesdelbages.com\/es\/wp-json\/wp\/v2\/pages\/29459\/revisions"}],"predecessor-version":[{"id":29460,"href":"https:\/\/cafesdelbages.com\/es\/wp-json\/wp\/v2\/pages\/29459\/revisions\/29460"}],"wp:attachment":[{"href":"https:\/\/cafesdelbages.com\/es\/wp-json\/wp\/v2\/media?parent=29459"}],"curies":[{"name":"wp","href":"https:\/\/api.w.org\/{rel}","templated":true}]}}