{"id":29453,"date":"2024-10-31T17:56:02","date_gmt":"2024-10-31T17:56:02","guid":{"rendered":"https:\/\/cafesdelbages.com\/privacidad\/"},"modified":"2024-12-10T09:16:54","modified_gmt":"2024-12-10T09:16:54","slug":"privacidad","status":"publish","type":"page","link":"https:\/\/cafesdelbages.com\/es\/privacidad\/","title":{"rendered":"Privacidad"},"content":{"rendered":"\t\t<div data-elementor-type=\"wp-page\" data-elementor-id=\"29453\" class=\"elementor elementor-29453 elementor-28701\">\n\t\t\t\t\t\t<section class=\"elementor-section elementor-top-section elementor-element elementor-element-15709f30 elementor-section-boxed elementor-section-height-default elementor-section-height-default\" data-id=\"15709f30\" data-element_type=\"section\" data-e-type=\"section\" data-settings=\"{&quot;background_background&quot;:&quot;classic&quot;}\">\r\n\t\t\t\t\t\t<div class=\"elementor-container elementor-column-gap-thegem\"><div class=\"elementor-row\">\r\n\t\t\t\t\t<div class=\"elementor-column elementor-col-100 elementor-top-column elementor-element elementor-element-2b8e5462\" data-id=\"2b8e5462\" data-element_type=\"column\" data-e-type=\"column\">\n\t\t\t<div class=\"elementor-widget-wrap elementor-element-populated\">\n\t\t\t\t\t\t<section class=\"elementor-section elementor-inner-section elementor-element elementor-element-413de2fc elementor-section-boxed elementor-section-height-default elementor-section-height-default\" data-id=\"413de2fc\" data-element_type=\"section\" data-e-type=\"section\">\r\n\t\t\t\t\t\t<div class=\"elementor-container elementor-column-gap-thegem\"><div class=\"elementor-row\">\r\n\t\t\t\t\t<div class=\"elementor-column elementor-col-100 elementor-inner-column elementor-element elementor-element-3c4f3bc8\" data-id=\"3c4f3bc8\" data-element_type=\"column\" data-e-type=\"column\">\n\t\t\t<div class=\"elementor-widget-wrap elementor-element-populated\">\n\t\t\t\t\t\t<div class=\"elementor-element elementor-element-492719dd flex-horizontal-align-default flex-horizontal-align-tablet-default flex-horizontal-align-mobile-default flex-vertical-align-default flex-vertical-align-tablet-default flex-vertical-align-mobile-default elementor-widget elementor-widget-text-editor\" data-id=\"492719dd\" data-element_type=\"widget\" data-e-type=\"widget\" data-widget_type=\"text-editor.default\">\n\t\t\t\t<div class=\"elementor-widget-container\">\n\t\t\t\t\t\t\t\t\t\t\t\t<div class=\"elementor-text-editor elementor-clearfix\">\r\n\t\t\t\t\t\t<p><u>Pol\u00edtica de Privacidad (RGPD)<\/u><\/p>\n<p><strong>Responsable<\/strong>&nbsp;<strong>Tratamiento:<\/strong>&nbsp; CAFES DEL BAGES, SL&nbsp; &#8211; B58507880, con domicilio en&nbsp; Ctra. del Bruc a Manresa, Km. 14.&nbsp; 08253 Sant Salvador de Guardiola. Tel\u00e9fono 938358500 y mail:&nbsp;<u>cafesdelbages@cafesdelbages.com<\/u><\/p>\n<p><u>FINALIDAD<\/u><\/p>\n<p>La finalidad de la creaci\u00f3n, existencia y mantenimiento es el tratamiento de los datos con exclusivos fines de poder hacer efectiva nuestra relaci\u00f3n comercial\/prestaci\u00f3n del servicio y realizar la facturaci\u00f3n de la misma.<\/p>\n<p><\/p>\n<p><u>LEGITIMACI\u00d3N<\/u><\/p>\n<p>La base legal para el tratamiento de sus datos es la ejecuci\u00f3n de la relaci\u00f3n comercial\/prestaci\u00f3n del servicio entre el titular del dato y el responsable del tratamiento y la informaci\u00f3n personal se conservar\u00e1 mientras se mantenga la relaci\u00f3n o durante el tiempo estrictamente necesario para cumplir con las obligaciones legales.<\/p>\n<p><u>COMUNICACIONES&nbsp; COMERCIALES<\/u><\/p>\n<p>Asimismo, y en base a su consentimiento otorgado de forma afirmativa y expresa, nos permite poder enviarle informaci\u00f3n comercial sobre nuestros productos y novedades a trav\u00e9s de correo electr\u00f3nico. Este consentimiento podr\u00e1 ser revocado en cualquier momento a trav\u00e9s de nuestro e-mail&nbsp;<u>cafesdelbages@cafesdelbages.com<\/u><\/p>\n<p><\/p>\n<p><u>PERIODO DE CONSERVACI\u00d3N<\/u><\/p>\n<p>Los datos proporcionados se conservar\u00e1n mientras se mantenga la relaci\u00f3n comercial o durante los a\u00f1os necesarios para cumplir con las obligaciones legales<\/p>\n<p><\/p>\n<p><u>DESTINATARIOS<\/u><\/p>\n<p>Mientras dure el tratamiento de los datos del interesado CAFES DEL BAGES, SL&nbsp; no ceder\u00e1 los datos a terceros, salvo que exista obligaci\u00f3n legal.<\/p>\n<p><\/p>\n<p>En los supuestos que, para la realizaci\u00f3n de tratamientos de tipo administrativo, fiscal, contable y\/o comercial, se cuente con los servicios de terceros, se formalizar\u00e1 debidamente el preceptivo contrato de encargado de tratamiento, con el fin de garantizar la seguridad y confidencialidad de los datos del interesado frente a terceros.<\/p>\n<p><strong><em>&nbsp;<\/em><\/strong><\/p>\n<p><u>DERECHOS<\/u><\/p>\n<p>Las personas interesadas tienen derecho a acceder a sus datos de car\u00e1cter personal, as\u00ed como a solicitar su rectificaci\u00f3n de las inexactas o, en su caso, solicitar la supresi\u00f3n cuando, entre otros motivos, los datos ya no sean necesarias para la finalidad de que fueron entregadas, as\u00ed como retirar el consentimiento otorgado. El ejercicio de oposici\u00f3n al tratamiento de sus datos para el env\u00edo de informaci\u00f3n publicitaria por v\u00eda electr\u00f3nica. Tambi\u00e9n puede ejercer su derecho a la limitaci\u00f3n del tratamiento, por lo que sus datos no ser\u00e1n suprimidos pero el tratamiento de los mismos estar\u00e1 sujeto a limitaciones.<\/p>\n<p>Los ejercicios de portabilidad y automatizaci\u00f3n de decisiones no aplican en este caso por la tipolog\u00eda de datos y tratamiento de los mismos.<\/p>\t\t\t\t\t\t\t<\/div>\r\n\t\t\t\t\t\t\t\t\t\t<\/div>\n\t\t\t\t<\/div>\n\t\t\t\t\t<\/div>\n\t\t<\/div>\n\t\t\t\t\t<\/div><\/div>\r\n\t\t<\/section>\r\n\t\t\t\t\t<\/div>\n\t\t<\/div>\n\t\t\t\t\t<\/div><\/div>\r\n\t\t<\/section>\r\n\t\t\t\t<\/div>\n\t\t","protected":false},"excerpt":{"rendered":"<p>Pol\u00edtica de Privacidad (RGPD) Responsable&nbsp;Tratamiento:&nbsp; CAFES DEL BAGES, SL&nbsp; &#8211; B58507880, con domicilio en&nbsp; Ctra. del Bruc a Manresa, Km&#8230;.<\/p>\n","protected":false},"author":1,"featured_media":0,"parent":0,"menu_order":0,"comment_status":"closed","ping_status":"closed","template":"page-fullwidth.php","meta":{"footnotes":""},"class_list":["post-29453","page","type-page","status-publish"],"_links":{"self":[{"href":"https:\/\/cafesdelbages.com\/es\/wp-json\/wp\/v2\/pages\/29453","targetHints":{"allow":["GET"]}}],"collection":[{"href":"https:\/\/cafesdelbages.com\/es\/wp-json\/wp\/v2\/pages"}],"about":[{"href":"https:\/\/cafesdelbages.com\/es\/wp-json\/wp\/v2\/types\/page"}],"author":[{"embeddable":true,"href":"https:\/\/cafesdelbages.com\/es\/wp-json\/wp\/v2\/users\/1"}],"replies":[{"embeddable":true,"href":"https:\/\/cafesdelbages.com\/es\/wp-json\/wp\/v2\/comments?post=29453"}],"version-history":[{"count":1,"href":"https:\/\/cafesdelbages.com\/es\/wp-json\/wp\/v2\/pages\/29453\/revisions"}],"predecessor-version":[{"id":29454,"href":"https:\/\/cafesdelbages.com\/es\/wp-json\/wp\/v2\/pages\/29453\/revisions\/29454"}],"wp:attachment":[{"href":"https:\/\/cafesdelbages.com\/es\/wp-json\/wp\/v2\/media?parent=29453"}],"curies":[{"name":"wp","href":"https:\/\/api.w.org\/{rel}","templated":true}]}}